{"id":26,"date":"2023-04-08T15:30:42","date_gmt":"2023-04-08T15:30:42","guid":{"rendered":"https:\/\/blog.reservoirimmo.fr\/?page_id=26"},"modified":"2023-09-07T17:03:18","modified_gmt":"2023-09-07T17:03:18","slug":"a-propos-de","status":"publish","type":"page","link":"https:\/\/blog.reservoirimmo.fr\/index.php\/a-propos-de\/","title":{"rendered":"\u00c0 propos de"},"content":{"rendered":"\n<h3 class=\"wp-block-heading\">Qui Sommes-Nous ?<\/h3>\n\n\n\n<p>Madame, Monsieur,<\/p>\n\n\n\n<p>Le Groupe R\u00e9servoir Immo est un groupe d&rsquo;agences et de mandataires immobiliers intervenant en France sur les achats et ventes de biens immobiliers : terrains, appartements, maisons particuli\u00e8res et de prestige, propri\u00e9t\u00e9s, vignobles&#8230;<\/p>\n\n\n\n<p>C&rsquo;est aussi un acteur important sur la location et la vente de murs professionnels, la cession de baux commerciaux, de fonds de commerces.<\/p>\n\n\n\n<p>L&rsquo;ADN du Groupe, c&rsquo;est le partage d&rsquo;un r\u00e9el savoir-faire autour de la vente immobili\u00e8re qui se transmet entre personnes partageant le go\u00fbt du travail bien fait et la satisfaction d&rsquo;avoir \u00e9t\u00e9 utile et important pour nos clients.<\/p>\n\n\n\n<h3 class=\"wp-block-heading\">Comment travaille t-on ?<\/h3>\n\n\n\n<p>Les agences du Groupe RESERVOIR IMMO travaillent syst\u00e9matiquement en synergie avec l&rsquo;ensemble des agences immobili\u00e8res afin de toujours pouvoir proposer \u00e0 nos clients le bien le plus adapt\u00e9. Nous vendons le bien correspondant \u00e0 l&rsquo;attente de nos clients.<\/p>\n\n\n\n<p>Nous ouvrons \u00e9galement syst\u00e9matiquement notre portefeuille de biens aux autres agences immobili\u00e8res, le partage de nos honoraires n&rsquo;est en aucun cas un probl\u00e8me, notre satisfaction \u00e9tant de vendre vite, et dans les meilleures conditions, le bien confi\u00e9 par nos clients. Ils le savent et le font savoir autour d&rsquo;eux.<\/p>\n\n\n\n<p>Nos agences sont en principe syst\u00e9matiquement adh\u00e9rentes du FICHIER AMEPI, cr\u00e9\u00e9 par les syndicats professionnels, la FNAIM, LE SNPI et l&rsquo;UNIS, Ce fichier permet aux professionnels adh\u00e9rents d&rsquo;avoir acc\u00e8s \u00e0 l&rsquo;ensemble des biens immobiliers mis en vente par la profession d&rsquo;agents immobiliers sous la forme de mandats exclusifs partag\u00e9s.<\/p>\n\n\n\n<h3 class=\"wp-block-heading\">La direction \u00e0 votre \u00e9coute :<\/h3>\n\n\n\n<p>Vous souhaitez nous faire partager une r\u00e9flexion, un soucis, une attente ?<\/p>\n\n\n\n<p>Une seule adresse : <a href=\"mailto:contact@reservoirimmo.fr\">contact@reservoirimmo.fr<\/a><\/p>\n\n\n\n<p>Mr Christophe GUION, Pr\u00e9sident du Groupe RESERVOIR IMMO, vous r\u00e9pondra.<br><\/p>\n\n\n\n<p>GROUPE RESERVOIR IMMO, si\u00e8ge social sis 157 avenue Victor Hugo 21000 DIJON<\/p>\n","protected":false},"excerpt":{"rendered":"<p>Qui Sommes-Nous ? Madame, Monsieur, Le Groupe R\u00e9servoir Immo est un groupe d&rsquo;agences et de mandataires immobiliers intervenant en France sur les achats et ventes de biens immobiliers : terrains, appartements, maisons particuli\u00e8res et de prestige, propri\u00e9t\u00e9s, vignobles&#8230; C&rsquo;est aussi un acteur important sur la location et la vente de murs professionnels, la cession de [&hellip;]<\/p>\n","protected":false},"author":1,"featured_media":0,"parent":0,"menu_order":0,"comment_status":"closed","ping_status":"closed","template":"","meta":{"footnotes":""},"class_list":["post-26","page","type-page","status-publish","hentry"],"_links":{"self":[{"href":"https:\/\/blog.reservoirimmo.fr\/index.php\/wp-json\/wp\/v2\/pages\/26","targetHints":{"allow":["GET"]}}],"collection":[{"href":"https:\/\/blog.reservoirimmo.fr\/index.php\/wp-json\/wp\/v2\/pages"}],"about":[{"href":"https:\/\/blog.reservoirimmo.fr\/index.php\/wp-json\/wp\/v2\/types\/page"}],"author":[{"embeddable":true,"href":"https:\/\/blog.reservoirimmo.fr\/index.php\/wp-json\/wp\/v2\/users\/1"}],"replies":[{"embeddable":true,"href":"https:\/\/blog.reservoirimmo.fr\/index.php\/wp-json\/wp\/v2\/comments?post=26"}],"version-history":[{"count":2,"href":"https:\/\/blog.reservoirimmo.fr\/index.php\/wp-json\/wp\/v2\/pages\/26\/revisions"}],"predecessor-version":[{"id":57,"href":"https:\/\/blog.reservoirimmo.fr\/index.php\/wp-json\/wp\/v2\/pages\/26\/revisions\/57"}],"wp:attachment":[{"href":"https:\/\/blog.reservoirimmo.fr\/index.php\/wp-json\/wp\/v2\/media?parent=26"}],"curies":[{"name":"wp","href":"https:\/\/api.w.org\/{rel}","templated":true}]}}